{"id":241,"date":"2021-04-22T10:59:44","date_gmt":"2021-04-22T13:59:44","guid":{"rendered":"https:\/\/www.interwayconsultancy.com\/IW\/?page_id=241"},"modified":"2021-04-23T18:24:20","modified_gmt":"2021-04-23T21:24:20","slug":"capacitaciones","status":"publish","type":"page","link":"https:\/\/www.interwayconsultancy.com\/IW\/capacitaciones\/","title":{"rendered":"Capacitaciones"},"content":{"rendered":"\t\t<div data-elementor-type=\"wp-page\" data-elementor-id=\"241\" class=\"elementor elementor-241\">\n\t\t\t\t\t\t<section class=\"elementor-section elementor-top-section elementor-element elementor-element-be3eb6c elementor-hidden-tablet elementor-hidden-phone elementor-section-boxed elementor-section-height-default elementor-section-height-default elementor-invisible\" data-id=\"be3eb6c\" data-element_type=\"section\" data-settings=\"{&quot;animation&quot;:&quot;fadeIn&quot;}\">\n\t\t\t\t\t\t<div class=\"elementor-container elementor-column-gap-default\">\n\t\t\t\t\t<div class=\"elementor-column elementor-col-100 elementor-top-column elementor-element elementor-element-82b45ed\" data-id=\"82b45ed\" data-element_type=\"column\">\n\t\t\t<div class=\"elementor-widget-wrap elementor-element-populated\">\n\t\t\t\t\t\t<div class=\"elementor-element elementor-element-68b3daa elementor-widget elementor-widget-heading\" data-id=\"68b3daa\" data-element_type=\"widget\" data-widget_type=\"heading.default\">\n\t\t\t\t<div class=\"elementor-widget-container\">\n\t\t\t<h2 class=\"elementor-heading-title elementor-size-default\">Capacitaciones<\/h2>\t\t<\/div>\n\t\t\t\t<\/div>\n\t\t\t\t\t<\/div>\n\t\t<\/div>\n\t\t\t\t\t<\/div>\n\t\t<\/section>\n\t\t\t\t<section class=\"elementor-section elementor-top-section elementor-element elementor-element-bab8633 elementor-hidden-desktop elementor-section-boxed elementor-section-height-default elementor-section-height-default elementor-invisible\" data-id=\"bab8633\" data-element_type=\"section\" data-settings=\"{&quot;animation&quot;:&quot;fadeIn&quot;}\">\n\t\t\t\t\t\t<div class=\"elementor-container elementor-column-gap-default\">\n\t\t\t\t\t<div class=\"elementor-column elementor-col-100 elementor-top-column elementor-element elementor-element-e26283e\" data-id=\"e26283e\" data-element_type=\"column\">\n\t\t\t<div class=\"elementor-widget-wrap elementor-element-populated\">\n\t\t\t\t\t\t<div class=\"elementor-element elementor-element-c70d793 elementor-widget elementor-widget-heading\" data-id=\"c70d793\" data-element_type=\"widget\" data-widget_type=\"heading.default\">\n\t\t\t\t<div class=\"elementor-widget-container\">\n\t\t\t<h2 class=\"elementor-heading-title elementor-size-default\">Capacitaciones<\/h2>\t\t<\/div>\n\t\t\t\t<\/div>\n\t\t\t\t\t<\/div>\n\t\t<\/div>\n\t\t\t\t\t<\/div>\n\t\t<\/section>\n\t\t\t\t<section class=\"elementor-section elementor-top-section elementor-element elementor-element-67ce9f2 elementor-section-full_width elementor-section-height-default elementor-section-height-default elementor-invisible\" data-id=\"67ce9f2\" data-element_type=\"section\" data-settings=\"{&quot;animation&quot;:&quot;fadeIn&quot;}\">\n\t\t\t\t\t\t<div class=\"elementor-container elementor-column-gap-no\">\n\t\t\t\t\t<div class=\"elementor-column elementor-col-100 elementor-top-column elementor-element elementor-element-99c224f\" data-id=\"99c224f\" data-element_type=\"column\">\n\t\t\t<div class=\"elementor-widget-wrap elementor-element-populated\">\n\t\t\t\t\t\t<div class=\"elementor-element elementor-element-a5842cb elementor-widget elementor-widget-image\" data-id=\"a5842cb\" data-element_type=\"widget\" data-widget_type=\"image.default\">\n\t\t\t\t<div class=\"elementor-widget-container\">\n\t\t\t\t\t\t\t\t\t\t\t\t\t<img fetchpriority=\"high\" decoding=\"async\" width=\"1263\" height=\"226\" src=\"https:\/\/www.interwayconsultancy.com\/IW\/wp-content\/uploads\/2021\/04\/slider.png\" class=\"attachment-full size-full wp-image-243\" alt=\"\" srcset=\"https:\/\/www.interwayconsultancy.com\/IW\/wp-content\/uploads\/2021\/04\/slider.png 1263w, https:\/\/www.interwayconsultancy.com\/IW\/wp-content\/uploads\/2021\/04\/slider-300x54.png 300w, https:\/\/www.interwayconsultancy.com\/IW\/wp-content\/uploads\/2021\/04\/slider-1024x183.png 1024w, https:\/\/www.interwayconsultancy.com\/IW\/wp-content\/uploads\/2021\/04\/slider-768x137.png 768w\" sizes=\"(max-width: 1263px) 100vw, 1263px\" \/>\t\t\t\t\t\t\t\t\t\t\t\t\t<\/div>\n\t\t\t\t<\/div>\n\t\t\t\t\t<\/div>\n\t\t<\/div>\n\t\t\t\t\t<\/div>\n\t\t<\/section>\n\t\t\t\t<section class=\"elementor-section elementor-top-section elementor-element elementor-element-9aaa408 elementor-section-full_width elementor-section-height-default elementor-section-height-default elementor-invisible\" data-id=\"9aaa408\" data-element_type=\"section\" data-settings=\"{&quot;background_background&quot;:&quot;classic&quot;,&quot;animation&quot;:&quot;fadeIn&quot;}\">\n\t\t\t\t\t\t<div class=\"elementor-container elementor-column-gap-default\">\n\t\t\t\t\t<div class=\"elementor-column elementor-col-50 elementor-top-column elementor-element elementor-element-6cc8a41\" data-id=\"6cc8a41\" data-element_type=\"column\">\n\t\t\t<div class=\"elementor-widget-wrap elementor-element-populated\">\n\t\t\t\t\t\t<div class=\"elementor-element elementor-element-ed05e01 elementor-widget elementor-widget-heading\" data-id=\"ed05e01\" data-element_type=\"widget\" data-widget_type=\"heading.default\">\n\t\t\t\t<div class=\"elementor-widget-container\">\n\t\t\t<h2 class=\"elementor-heading-title elementor-size-default\">Cuerpo Docente<\/h2>\t\t<\/div>\n\t\t\t\t<\/div>\n\t\t\t\t<div class=\"elementor-element elementor-element-4f6d165 elementor-widget elementor-widget-text-editor\" data-id=\"4f6d165\" data-element_type=\"widget\" data-widget_type=\"text-editor.default\">\n\t\t\t\t<div class=\"elementor-widget-container\">\n\t\t\t\t\t\t\t<p>Nuestro equipo de trabajo consta de docentes nativos, cuasi nativos y locales egresados de profesorados y universidades con altos niveles de formaci\u00f3n acad\u00e9mica. Especializados en disciplinas de capacitaci\u00f3n corporativa, desarrollan planes din\u00e1micos con elementos del aprendizaje formal, l\u00fadico y role plays.<\/p>\t\t\t\t\t\t<\/div>\n\t\t\t\t<\/div>\n\t\t\t\t<div class=\"elementor-element elementor-element-326daf2 elementor-widget elementor-widget-heading\" data-id=\"326daf2\" data-element_type=\"widget\" data-widget_type=\"heading.default\">\n\t\t\t\t<div class=\"elementor-widget-container\">\n\t\t\t<h2 class=\"elementor-heading-title elementor-size-default\">Metodolog\u00edas<\/h2>\t\t<\/div>\n\t\t\t\t<\/div>\n\t\t\t\t<div class=\"elementor-element elementor-element-52174a5 elementor-widget elementor-widget-text-editor\" data-id=\"52174a5\" data-element_type=\"widget\" data-widget_type=\"text-editor.default\">\n\t\t\t\t<div class=\"elementor-widget-container\">\n\t\t\t\t\t\t\t<ul class=\"cont-4\"><li>Dise\u00f1o curricular del plan de capacitaci\u00f3n.<\/li><li>Evaluaci\u00f3n de los asistentes con un Diagn\u00f3stico General de saberes previos en la lengua a capacitar. Escrito y oral, en la empresa u Online.<\/li><li>Utilizaci\u00f3n de ebooks y tecnolog\u00edas audiovisuales permanente en las distintas jornadas de trabajo. Enfatizando la producci\u00f3n oral y las restantes habilidades en el dominio de una lengua.<\/li><\/ul>\t\t\t\t\t\t<\/div>\n\t\t\t\t<\/div>\n\t\t\t\t\t<\/div>\n\t\t<\/div>\n\t\t\t\t<div class=\"elementor-column elementor-col-50 elementor-top-column elementor-element elementor-element-8e720af\" data-id=\"8e720af\" data-element_type=\"column\">\n\t\t\t<div class=\"elementor-widget-wrap elementor-element-populated\">\n\t\t\t\t\t\t<div class=\"elementor-element elementor-element-6223ec0 elementor-widget elementor-widget-image\" data-id=\"6223ec0\" data-element_type=\"widget\" data-widget_type=\"image.default\">\n\t\t\t\t<div class=\"elementor-widget-container\">\n\t\t\t\t\t\t\t\t\t\t\t\t\t<img decoding=\"async\" width=\"640\" height=\"440\" src=\"https:\/\/www.interwayconsultancy.com\/IW\/wp-content\/uploads\/2021\/04\/docentes.jpg\" class=\"attachment-large size-large wp-image-264\" alt=\"\" srcset=\"https:\/\/www.interwayconsultancy.com\/IW\/wp-content\/uploads\/2021\/04\/docentes.jpg 640w, https:\/\/www.interwayconsultancy.com\/IW\/wp-content\/uploads\/2021\/04\/docentes-300x206.jpg 300w\" sizes=\"(max-width: 640px) 100vw, 640px\" \/>\t\t\t\t\t\t\t\t\t\t\t\t\t<\/div>\n\t\t\t\t<\/div>\n\t\t\t\t\t<\/div>\n\t\t<\/div>\n\t\t\t\t\t<\/div>\n\t\t<\/section>\n\t\t\t\t<section class=\"elementor-section elementor-top-section elementor-element elementor-element-513c1b6 elementor-section-full_width elementor-section-height-default elementor-section-height-default elementor-invisible\" data-id=\"513c1b6\" data-element_type=\"section\" data-settings=\"{&quot;background_background&quot;:&quot;classic&quot;,&quot;animation&quot;:&quot;fadeIn&quot;}\">\n\t\t\t\t\t\t<div class=\"elementor-container elementor-column-gap-no\">\n\t\t\t\t\t<div class=\"elementor-column elementor-col-50 elementor-top-column elementor-element elementor-element-7fad0fe\" data-id=\"7fad0fe\" data-element_type=\"column\">\n\t\t\t<div class=\"elementor-widget-wrap elementor-element-populated\">\n\t\t\t\t\t\t<div class=\"elementor-element elementor-element-e2e7875 elementor-widget elementor-widget-image\" data-id=\"e2e7875\" data-element_type=\"widget\" data-widget_type=\"image.default\">\n\t\t\t\t<div class=\"elementor-widget-container\">\n\t\t\t\t\t\t\t\t\t\t\t\t\t<img decoding=\"async\" width=\"640\" height=\"440\" src=\"https:\/\/www.interwayconsultancy.com\/IW\/wp-content\/uploads\/2021\/04\/contenido.jpg\" class=\"attachment-large size-large wp-image-271\" alt=\"\" srcset=\"https:\/\/www.interwayconsultancy.com\/IW\/wp-content\/uploads\/2021\/04\/contenido.jpg 640w, https:\/\/www.interwayconsultancy.com\/IW\/wp-content\/uploads\/2021\/04\/contenido-300x206.jpg 300w\" sizes=\"(max-width: 640px) 100vw, 640px\" \/>\t\t\t\t\t\t\t\t\t\t\t\t\t<\/div>\n\t\t\t\t<\/div>\n\t\t\t\t\t<\/div>\n\t\t<\/div>\n\t\t\t\t<div class=\"elementor-column elementor-col-50 elementor-top-column elementor-element elementor-element-436f7fb\" data-id=\"436f7fb\" data-element_type=\"column\">\n\t\t\t<div class=\"elementor-widget-wrap elementor-element-populated\">\n\t\t\t\t\t\t<div class=\"elementor-element elementor-element-42b8aea elementor-widget elementor-widget-heading\" data-id=\"42b8aea\" data-element_type=\"widget\" data-widget_type=\"heading.default\">\n\t\t\t\t<div class=\"elementor-widget-container\">\n\t\t\t<h2 class=\"elementor-heading-title elementor-size-default\">Servicios | Contenidos<\/h2>\t\t<\/div>\n\t\t\t\t<\/div>\n\t\t\t\t<div class=\"elementor-element elementor-element-8567d3c elementor-widget elementor-widget-text-editor\" data-id=\"8567d3c\" data-element_type=\"widget\" data-widget_type=\"text-editor.default\">\n\t\t\t\t<div class=\"elementor-widget-container\">\n\t\t\t\t\t\t\t<p>Los siguientes beneficios se encuentran incluidos en el plan de capacitaci\u00f3n contratado:<\/p>\t\t\t\t\t\t<\/div>\n\t\t\t\t<\/div>\n\t\t\t\t<div class=\"elementor-element elementor-element-377ee72 elementor-widget elementor-widget-text-editor\" data-id=\"377ee72\" data-element_type=\"widget\" data-widget_type=\"text-editor.default\">\n\t\t\t\t<div class=\"elementor-widget-container\">\n\t\t\t\t\t\t\t<ul class=\"cont-4\"><li>Dise\u00f1o de la plataforma Org\u00e1nica Funcional de estudiantes (POFA) en virtud a las necesidades de la empresa.<\/li><li>Asignaci\u00f3n de un L\u00edder de Proyecto (supervisi\u00f3n de los cursos y permanente contacto con la oficina de RR HH).<\/li><li>Seguimiento del estudiante mediante un Reporte de Desempe\u00f1o.<\/li><li>Gesti\u00f3n de Planillas de asistencia electr\u00f3nica y Planillas de descuento para optimizar la administraci\u00f3n de los diferentes Centros de Costos de su empresa.<\/li><li>Sistema de trabajo din\u00e1mico con recuperaci\u00f3n de clases.<\/li><li>Provisi\u00f3n de todo el material bibliogr\u00e1fico necesario.<\/li><\/ul>\t\t\t\t\t\t<\/div>\n\t\t\t\t<\/div>\n\t\t\t\t\t<\/div>\n\t\t<\/div>\n\t\t\t\t\t<\/div>\n\t\t<\/section>\n\t\t\t\t<section class=\"elementor-section elementor-top-section elementor-element elementor-element-cf88e72 elementor-section-full_width elementor-section-height-default elementor-section-height-default elementor-invisible\" data-id=\"cf88e72\" data-element_type=\"section\" data-settings=\"{&quot;animation&quot;:&quot;fadeIn&quot;}\">\n\t\t\t\t\t\t<div class=\"elementor-container elementor-column-gap-no\">\n\t\t\t\t\t<div class=\"elementor-column elementor-col-100 elementor-top-column elementor-element elementor-element-1677e33\" data-id=\"1677e33\" data-element_type=\"column\">\n\t\t\t<div class=\"elementor-widget-wrap elementor-element-populated\">\n\t\t\t\t\t\t<div class=\"elementor-element elementor-element-ffe6d64 elementor-widget elementor-widget-heading\" data-id=\"ffe6d64\" data-element_type=\"widget\" data-widget_type=\"heading.default\">\n\t\t\t\t<div class=\"elementor-widget-container\">\n\t\t\t<h2 class=\"elementor-heading-title elementor-size-default\">Cursos Online<\/h2>\t\t<\/div>\n\t\t\t\t<\/div>\n\t\t\t\t<div class=\"elementor-element elementor-element-d4b0687 elementor-widget elementor-widget-text-editor\" data-id=\"d4b0687\" data-element_type=\"widget\" data-widget_type=\"text-editor.default\">\n\t\t\t\t<div class=\"elementor-widget-container\">\n\t\t\t\t\t\t\t<p class=\"my-3 head \" style=\"text-align: center;\">Cursos de idioma online mediante procesos de e-teaching y\/o e-learning. Formaci\u00f3n continua que permite mediante las \u00faltimas plataformas de comunicaci\u00f3n online desarrollar procesos m\u00e1s accesibles para su personal en formato local o integrando varias locaciones de su empresa.<\/p><h6 style=\"text-align: center;\"><a href=\"https:\/\/www.interwayconsultancy.com\/IW\/#contacto\">Cont\u00e1ctese para m\u00e1s informaci\u00f3n sobre planes de estudio<\/a><\/h6>\t\t\t\t\t\t<\/div>\n\t\t\t\t<\/div>\n\t\t\t\t\t<\/div>\n\t\t<\/div>\n\t\t\t\t\t<\/div>\n\t\t<\/section>\n\t\t\t\t<\/div>\n\t\t","protected":false},"excerpt":{"rendered":"<p>Capacitaciones Capacitaciones Cuerpo Docente Nuestro equipo de trabajo consta de docentes nativos, cuasi nativos y locales egresados de profesorados y universidades con altos niveles de formaci\u00f3n acad\u00e9mica. Especializados en disciplinas de capacitaci\u00f3n corporativa, desarrollan planes din\u00e1micos con elementos del aprendizaje formal, l\u00fadico y role plays. Metodolog\u00edas Dise\u00f1o curricular del plan de capacitaci\u00f3n. Evaluaci\u00f3n de los [&hellip;]<\/p>\n","protected":false},"author":1,"featured_media":0,"parent":0,"menu_order":0,"comment_status":"closed","ping_status":"closed","template":"elementor_header_footer","meta":{"footnotes":""},"class_list":["post-241","page","type-page","status-publish","hentry"],"_links":{"self":[{"href":"https:\/\/www.interwayconsultancy.com\/IW\/wp-json\/wp\/v2\/pages\/241","targetHints":{"allow":["GET"]}}],"collection":[{"href":"https:\/\/www.interwayconsultancy.com\/IW\/wp-json\/wp\/v2\/pages"}],"about":[{"href":"https:\/\/www.interwayconsultancy.com\/IW\/wp-json\/wp\/v2\/types\/page"}],"author":[{"embeddable":true,"href":"https:\/\/www.interwayconsultancy.com\/IW\/wp-json\/wp\/v2\/users\/1"}],"replies":[{"embeddable":true,"href":"https:\/\/www.interwayconsultancy.com\/IW\/wp-json\/wp\/v2\/comments?post=241"}],"version-history":[{"count":154,"href":"https:\/\/www.interwayconsultancy.com\/IW\/wp-json\/wp\/v2\/pages\/241\/revisions"}],"predecessor-version":[{"id":645,"href":"https:\/\/www.interwayconsultancy.com\/IW\/wp-json\/wp\/v2\/pages\/241\/revisions\/645"}],"wp:attachment":[{"href":"https:\/\/www.interwayconsultancy.com\/IW\/wp-json\/wp\/v2\/media?parent=241"}],"curies":[{"name":"wp","href":"https:\/\/api.w.org\/{rel}","templated":true}]}}