{"id":338,"date":"2021-04-22T12:34:47","date_gmt":"2021-04-22T15:34:47","guid":{"rendered":"https:\/\/www.interwayconsultancy.com\/IW\/?page_id=338"},"modified":"2021-04-23T17:09:28","modified_gmt":"2021-04-23T20:09:28","slug":"workshops","status":"publish","type":"page","link":"https:\/\/www.interwayconsultancy.com\/IW\/workshops\/","title":{"rendered":"Workshops"},"content":{"rendered":"\t\t<div data-elementor-type=\"wp-page\" data-elementor-id=\"338\" class=\"elementor elementor-338\">\n\t\t\t\t\t\t<section class=\"elementor-section elementor-top-section elementor-element elementor-element-bab8633 elementor-hidden-tablet elementor-hidden-phone elementor-section-boxed elementor-section-height-default elementor-section-height-default elementor-invisible\" data-id=\"bab8633\" data-element_type=\"section\" data-settings=\"{&quot;animation&quot;:&quot;fadeIn&quot;}\">\n\t\t\t\t\t\t<div class=\"elementor-container elementor-column-gap-default\">\n\t\t\t\t\t<div class=\"elementor-column elementor-col-100 elementor-top-column elementor-element elementor-element-e26283e\" data-id=\"e26283e\" data-element_type=\"column\">\n\t\t\t<div class=\"elementor-widget-wrap elementor-element-populated\">\n\t\t\t\t\t\t<div class=\"elementor-element elementor-element-c70d793 elementor-widget elementor-widget-heading\" data-id=\"c70d793\" data-element_type=\"widget\" data-widget_type=\"heading.default\">\n\t\t\t\t<div class=\"elementor-widget-container\">\n\t\t\t<h2 class=\"elementor-heading-title elementor-size-default\">Workshops<\/h2>\t\t<\/div>\n\t\t\t\t<\/div>\n\t\t\t\t\t<\/div>\n\t\t<\/div>\n\t\t\t\t\t<\/div>\n\t\t<\/section>\n\t\t\t\t<section class=\"elementor-section elementor-top-section elementor-element elementor-element-fa4f0b1 elementor-hidden-desktop elementor-section-boxed elementor-section-height-default elementor-section-height-default elementor-invisible\" data-id=\"fa4f0b1\" data-element_type=\"section\" data-settings=\"{&quot;animation&quot;:&quot;fadeIn&quot;}\">\n\t\t\t\t\t\t<div class=\"elementor-container elementor-column-gap-default\">\n\t\t\t\t\t<div class=\"elementor-column elementor-col-100 elementor-top-column elementor-element elementor-element-f263603\" data-id=\"f263603\" data-element_type=\"column\">\n\t\t\t<div class=\"elementor-widget-wrap elementor-element-populated\">\n\t\t\t\t\t\t<div class=\"elementor-element elementor-element-f6bcbbf elementor-widget elementor-widget-heading\" data-id=\"f6bcbbf\" data-element_type=\"widget\" data-widget_type=\"heading.default\">\n\t\t\t\t<div class=\"elementor-widget-container\">\n\t\t\t<h2 class=\"elementor-heading-title elementor-size-default\">Workshops<\/h2>\t\t<\/div>\n\t\t\t\t<\/div>\n\t\t\t\t\t<\/div>\n\t\t<\/div>\n\t\t\t\t\t<\/div>\n\t\t<\/section>\n\t\t\t\t<section class=\"elementor-section elementor-top-section elementor-element elementor-element-513c1b6 elementor-section-full_width elementor-section-height-default elementor-section-height-default elementor-invisible\" data-id=\"513c1b6\" data-element_type=\"section\" data-settings=\"{&quot;background_background&quot;:&quot;classic&quot;,&quot;animation&quot;:&quot;fadeIn&quot;}\">\n\t\t\t\t\t\t<div class=\"elementor-container elementor-column-gap-no\">\n\t\t\t\t\t<div class=\"elementor-column elementor-col-50 elementor-top-column elementor-element elementor-element-7fad0fe\" data-id=\"7fad0fe\" data-element_type=\"column\">\n\t\t\t<div class=\"elementor-widget-wrap elementor-element-populated\">\n\t\t\t\t\t\t<div class=\"elementor-element elementor-element-e2e7875 elementor-widget elementor-widget-image\" data-id=\"e2e7875\" data-element_type=\"widget\" data-widget_type=\"image.default\">\n\t\t\t\t<div class=\"elementor-widget-container\">\n\t\t\t\t\t\t\t\t\t\t\t\t\t<img fetchpriority=\"high\" decoding=\"async\" width=\"640\" height=\"440\" src=\"https:\/\/www.interwayconsultancy.com\/IW\/wp-content\/uploads\/2021\/04\/entrenamiento.jpg\" class=\"attachment-large size-large wp-image-340\" alt=\"\" srcset=\"https:\/\/www.interwayconsultancy.com\/IW\/wp-content\/uploads\/2021\/04\/entrenamiento.jpg 640w, https:\/\/www.interwayconsultancy.com\/IW\/wp-content\/uploads\/2021\/04\/entrenamiento-300x206.jpg 300w\" sizes=\"(max-width: 640px) 100vw, 640px\" \/>\t\t\t\t\t\t\t\t\t\t\t\t\t<\/div>\n\t\t\t\t<\/div>\n\t\t\t\t\t<\/div>\n\t\t<\/div>\n\t\t\t\t<div class=\"elementor-column elementor-col-50 elementor-top-column elementor-element elementor-element-436f7fb\" data-id=\"436f7fb\" data-element_type=\"column\">\n\t\t\t<div class=\"elementor-widget-wrap elementor-element-populated\">\n\t\t\t\t\t\t<div class=\"elementor-element elementor-element-42b8aea elementor-widget elementor-widget-heading\" data-id=\"42b8aea\" data-element_type=\"widget\" data-widget_type=\"heading.default\">\n\t\t\t\t<div class=\"elementor-widget-container\">\n\t\t\t<h2 class=\"elementor-heading-title elementor-size-default\">Entrenamiento Corporativo<\/h2>\t\t<\/div>\n\t\t\t\t<\/div>\n\t\t\t\t<div class=\"elementor-element elementor-element-377ee72 elementor-widget elementor-widget-text-editor\" data-id=\"377ee72\" data-element_type=\"widget\" data-widget_type=\"text-editor.default\">\n\t\t\t\t<div class=\"elementor-widget-container\">\n\t\t\t\t\t\t\t<p>En permanente evoluci\u00f3n con la realidad organizacional, transferimos profesionalmente las capacidades necesarias a su personal y equipos de trabajo para que se desempe\u00f1en eficazmente en toda actividad laboral donde se relacionen, utilizando un idioma.<br \/><br \/>Nuestros planes de capacitaci\u00f3n adem\u00e1s de ense\u00f1ar un idioma, permiten experimentar con \u00e9l, bas\u00e1ndose en las necesidades de su organizaci\u00f3n, su personal y su entorno.<br \/><br \/>Obtendr\u00e1 inmediatos resultados con un aprendizaje r\u00e1pido y efectivo, garantizando la pronta inserci\u00f3n de su organizaci\u00f3n en el contexto internacional. Supere las barreras ling\u00fc\u00edsticas y culturales con aranceles competitivos.<\/p>\t\t\t\t\t\t<\/div>\n\t\t\t\t<\/div>\n\t\t\t\t\t<\/div>\n\t\t<\/div>\n\t\t\t\t\t<\/div>\n\t\t<\/section>\n\t\t\t\t<section class=\"elementor-section elementor-top-section elementor-element elementor-element-cf88e72 elementor-section-full_width elementor-section-height-default elementor-section-height-default elementor-invisible\" data-id=\"cf88e72\" data-element_type=\"section\" data-settings=\"{&quot;animation&quot;:&quot;fadeIn&quot;}\">\n\t\t\t\t\t\t<div class=\"elementor-container elementor-column-gap-no\">\n\t\t\t\t\t<div class=\"elementor-column elementor-col-100 elementor-top-column elementor-element elementor-element-1677e33\" data-id=\"1677e33\" data-element_type=\"column\">\n\t\t\t<div class=\"elementor-widget-wrap elementor-element-populated\">\n\t\t\t\t\t\t<div class=\"elementor-element elementor-element-ffe6d64 elementor-widget elementor-widget-heading\" data-id=\"ffe6d64\" data-element_type=\"widget\" data-widget_type=\"heading.default\">\n\t\t\t\t<div class=\"elementor-widget-container\">\n\t\t\t<h2 class=\"elementor-heading-title elementor-size-default\">Talleres<\/h2>\t\t<\/div>\n\t\t\t\t<\/div>\n\t\t\t\t<div class=\"elementor-element elementor-element-d4b0687 elementor-widget elementor-widget-text-editor\" data-id=\"d4b0687\" data-element_type=\"widget\" data-widget_type=\"text-editor.default\">\n\t\t\t\t<div class=\"elementor-widget-container\">\n\t\t\t\t\t\t\t<p style=\"text-align: center;\"><span style=\"color: #ff0000;\">\u2022 Email writing<\/span><br \/><span style=\"color: #ff0000;\">\u2022 Effective presentations<\/span><br \/><span style=\"color: #ff0000;\">\u2022 Native Speakers workshops<\/span><br \/><span style=\"color: #ff0000;\">\u2022 Phonetics<\/span><br \/><span style=\"color: #ff0000;\">\u2022 English for Banking &amp; Finances<\/span><br \/><span style=\"color: #ff0000;\">\u2022 Telephoning Skills<\/span><br \/><span style=\"color: #ff0000;\">\u2022 Dealing with English at human resources, accounting and logistics<\/span><br \/><span style=\"color: #ff0000;\">\u2022 English for the aviation industry<\/span><\/p>\t\t\t\t\t\t<\/div>\n\t\t\t\t<\/div>\n\t\t\t\t\t<\/div>\n\t\t<\/div>\n\t\t\t\t\t<\/div>\n\t\t<\/section>\n\t\t\t\t<section class=\"elementor-section elementor-top-section elementor-element elementor-element-9aaa408 elementor-section-full_width elementor-section-height-default elementor-section-height-default elementor-invisible\" data-id=\"9aaa408\" data-element_type=\"section\" data-settings=\"{&quot;background_background&quot;:&quot;classic&quot;,&quot;animation&quot;:&quot;fadeIn&quot;}\">\n\t\t\t\t\t\t<div class=\"elementor-container elementor-column-gap-default\">\n\t\t\t\t\t<div class=\"elementor-column elementor-col-50 elementor-top-column elementor-element elementor-element-6cc8a41\" data-id=\"6cc8a41\" data-element_type=\"column\">\n\t\t\t<div class=\"elementor-widget-wrap elementor-element-populated\">\n\t\t\t\t\t\t<div class=\"elementor-element elementor-element-ed05e01 elementor-widget elementor-widget-heading\" data-id=\"ed05e01\" data-element_type=\"widget\" data-widget_type=\"heading.default\">\n\t\t\t\t<div class=\"elementor-widget-container\">\n\t\t\t<h2 class=\"elementor-heading-title elementor-size-default\">Servicios Complementarios<\/h2>\t\t<\/div>\n\t\t\t\t<\/div>\n\t\t\t\t<div class=\"elementor-element elementor-element-4f6d165 elementor-widget elementor-widget-text-editor\" data-id=\"4f6d165\" data-element_type=\"widget\" data-widget_type=\"text-editor.default\">\n\t\t\t\t<div class=\"elementor-widget-container\">\n\t\t\t\t\t\t\t<ul class=\"cont-4\"><li>Capacitaci\u00f3n y entrenamiento en el interior del pa\u00eds.<\/li><li>Cursos y talleres en el exterior.<\/li><li>Acreditaci\u00f3n Nacional e Internacional.<\/li><li>Cursos espec\u00edficos para diferentes profesiones y disciplinas (medicina, laboratorios, aviaci\u00f3n, legal, etc).<\/li><li>Traducciones p\u00fablicas, cient\u00edfico-literarias o simult\u00e1neas y subtituladas.<\/li><li>Asesoramiento y Auditor\u00eda.<\/li><li>Consultor\u00eda de Recursos Humanos en idiomas.<\/li><li>Suministro de material bibliogr\u00e1fico espec\u00edfico.<\/li><li>Cursos en la compa\u00f1\u00eda o en nuestras instalaciones. Ponemos a disposici\u00f3n nuestro Instituto English Way School para formar grupos de estudios cerrados o abiertos si las distancias geogr\u00e1ficas lo permiten.<\/li><\/ul>\t\t\t\t\t\t<\/div>\n\t\t\t\t<\/div>\n\t\t\t\t\t<\/div>\n\t\t<\/div>\n\t\t\t\t<div class=\"elementor-column elementor-col-50 elementor-top-column elementor-element elementor-element-8e720af\" data-id=\"8e720af\" data-element_type=\"column\">\n\t\t\t<div class=\"elementor-widget-wrap elementor-element-populated\">\n\t\t\t\t\t\t<div class=\"elementor-element elementor-element-6223ec0 elementor-widget elementor-widget-image\" data-id=\"6223ec0\" data-element_type=\"widget\" data-widget_type=\"image.default\">\n\t\t\t\t<div class=\"elementor-widget-container\">\n\t\t\t\t\t\t\t\t\t\t\t\t\t<img decoding=\"async\" width=\"640\" height=\"440\" src=\"https:\/\/www.interwayconsultancy.com\/IW\/wp-content\/uploads\/2021\/04\/docentes.jpg\" class=\"attachment-large size-large wp-image-264\" alt=\"\" srcset=\"https:\/\/www.interwayconsultancy.com\/IW\/wp-content\/uploads\/2021\/04\/docentes.jpg 640w, https:\/\/www.interwayconsultancy.com\/IW\/wp-content\/uploads\/2021\/04\/docentes-300x206.jpg 300w\" sizes=\"(max-width: 640px) 100vw, 640px\" \/>\t\t\t\t\t\t\t\t\t\t\t\t\t<\/div>\n\t\t\t\t<\/div>\n\t\t\t\t\t<\/div>\n\t\t<\/div>\n\t\t\t\t\t<\/div>\n\t\t<\/section>\n\t\t\t\t<\/div>\n\t\t","protected":false},"excerpt":{"rendered":"<p>Workshops Workshops Entrenamiento Corporativo En permanente evoluci\u00f3n con la realidad organizacional, transferimos profesionalmente las capacidades necesarias a su personal y equipos de trabajo para que se desempe\u00f1en eficazmente en toda actividad laboral donde se relacionen, utilizando un idioma. Nuestros planes de capacitaci\u00f3n adem\u00e1s de ense\u00f1ar un idioma, permiten experimentar con \u00e9l, bas\u00e1ndose en las necesidades [&hellip;]<\/p>\n","protected":false},"author":1,"featured_media":0,"parent":0,"menu_order":0,"comment_status":"closed","ping_status":"closed","template":"elementor_header_footer","meta":{"footnotes":""},"class_list":["post-338","page","type-page","status-publish","hentry"],"_links":{"self":[{"href":"https:\/\/www.interwayconsultancy.com\/IW\/wp-json\/wp\/v2\/pages\/338","targetHints":{"allow":["GET"]}}],"collection":[{"href":"https:\/\/www.interwayconsultancy.com\/IW\/wp-json\/wp\/v2\/pages"}],"about":[{"href":"https:\/\/www.interwayconsultancy.com\/IW\/wp-json\/wp\/v2\/types\/page"}],"author":[{"embeddable":true,"href":"https:\/\/www.interwayconsultancy.com\/IW\/wp-json\/wp\/v2\/users\/1"}],"replies":[{"embeddable":true,"href":"https:\/\/www.interwayconsultancy.com\/IW\/wp-json\/wp\/v2\/comments?post=338"}],"version-history":[{"count":31,"href":"https:\/\/www.interwayconsultancy.com\/IW\/wp-json\/wp\/v2\/pages\/338\/revisions"}],"predecessor-version":[{"id":542,"href":"https:\/\/www.interwayconsultancy.com\/IW\/wp-json\/wp\/v2\/pages\/338\/revisions\/542"}],"wp:attachment":[{"href":"https:\/\/www.interwayconsultancy.com\/IW\/wp-json\/wp\/v2\/media?parent=338"}],"curies":[{"name":"wp","href":"https:\/\/api.w.org\/{rel}","templated":true}]}}