{"id":350,"date":"2021-04-22T12:47:30","date_gmt":"2021-04-22T15:47:30","guid":{"rendered":"https:\/\/www.interwayconsultancy.com\/IW\/?page_id=350"},"modified":"2021-04-23T17:21:52","modified_gmt":"2021-04-23T20:21:52","slug":"traducciones","status":"publish","type":"page","link":"https:\/\/www.interwayconsultancy.com\/IW\/traducciones\/","title":{"rendered":"Traducciones"},"content":{"rendered":"\t\t<div data-elementor-type=\"wp-page\" data-elementor-id=\"350\" class=\"elementor elementor-350\">\n\t\t\t\t\t\t<section class=\"elementor-section elementor-top-section elementor-element elementor-element-bab8633 elementor-hidden-tablet elementor-hidden-phone elementor-section-boxed elementor-section-height-default elementor-section-height-default elementor-invisible\" data-id=\"bab8633\" data-element_type=\"section\" data-settings=\"{&quot;animation&quot;:&quot;fadeIn&quot;}\">\n\t\t\t\t\t\t<div class=\"elementor-container elementor-column-gap-default\">\n\t\t\t\t\t<div class=\"elementor-column elementor-col-100 elementor-top-column elementor-element elementor-element-e26283e\" data-id=\"e26283e\" data-element_type=\"column\">\n\t\t\t<div class=\"elementor-widget-wrap elementor-element-populated\">\n\t\t\t\t\t\t<div class=\"elementor-element elementor-element-c70d793 elementor-widget elementor-widget-heading\" data-id=\"c70d793\" data-element_type=\"widget\" data-widget_type=\"heading.default\">\n\t\t\t\t<div class=\"elementor-widget-container\">\n\t\t\t<h2 class=\"elementor-heading-title elementor-size-default\">Traducciones<\/h2>\t\t<\/div>\n\t\t\t\t<\/div>\n\t\t\t\t\t<\/div>\n\t\t<\/div>\n\t\t\t\t\t<\/div>\n\t\t<\/section>\n\t\t\t\t<section class=\"elementor-section elementor-top-section elementor-element elementor-element-d1fb8ca elementor-hidden-desktop elementor-section-boxed elementor-section-height-default elementor-section-height-default elementor-invisible\" data-id=\"d1fb8ca\" data-element_type=\"section\" data-settings=\"{&quot;animation&quot;:&quot;fadeIn&quot;}\">\n\t\t\t\t\t\t<div class=\"elementor-container elementor-column-gap-default\">\n\t\t\t\t\t<div class=\"elementor-column elementor-col-100 elementor-top-column elementor-element elementor-element-aec19d1\" data-id=\"aec19d1\" data-element_type=\"column\">\n\t\t\t<div class=\"elementor-widget-wrap elementor-element-populated\">\n\t\t\t\t\t\t<div class=\"elementor-element elementor-element-84f35ff elementor-widget elementor-widget-heading\" data-id=\"84f35ff\" data-element_type=\"widget\" data-widget_type=\"heading.default\">\n\t\t\t\t<div class=\"elementor-widget-container\">\n\t\t\t<h2 class=\"elementor-heading-title elementor-size-default\">Traducciones<\/h2>\t\t<\/div>\n\t\t\t\t<\/div>\n\t\t\t\t\t<\/div>\n\t\t<\/div>\n\t\t\t\t\t<\/div>\n\t\t<\/section>\n\t\t\t\t<section class=\"elementor-section elementor-top-section elementor-element elementor-element-cf88e72 elementor-section-full_width elementor-section-height-default elementor-section-height-default elementor-invisible\" data-id=\"cf88e72\" data-element_type=\"section\" data-settings=\"{&quot;animation&quot;:&quot;fadeIn&quot;}\">\n\t\t\t\t\t\t<div class=\"elementor-container elementor-column-gap-no\">\n\t\t\t\t\t<div class=\"elementor-column elementor-col-100 elementor-top-column elementor-element elementor-element-1677e33\" data-id=\"1677e33\" data-element_type=\"column\">\n\t\t\t<div class=\"elementor-widget-wrap elementor-element-populated\">\n\t\t\t\t\t\t<div class=\"elementor-element elementor-element-ffe6d64 elementor-widget elementor-widget-heading\" data-id=\"ffe6d64\" data-element_type=\"widget\" data-widget_type=\"heading.default\">\n\t\t\t\t<div class=\"elementor-widget-container\">\n\t\t\t<h2 class=\"elementor-heading-title elementor-size-default\">P\u00fablicas, Literarias, Cient\u00edficas y T\u00e9cnicas<\/h2>\t\t<\/div>\n\t\t\t\t<\/div>\n\t\t\t\t<div class=\"elementor-element elementor-element-d4b0687 elementor-widget elementor-widget-text-editor\" data-id=\"d4b0687\" data-element_type=\"widget\" data-widget_type=\"text-editor.default\">\n\t\t\t\t<div class=\"elementor-widget-container\">\n\t\t\t\t\t\t\t<p class=\"my-3 head \" style=\"text-align: center;\">Nuestros trabajos de traducci\u00f3n son realizados por profesionales matriculados, asignados seg\u00fan su especialidad, para lograr un objetivo de m\u00e1xima calidad en la elaboraci\u00f3n del trabajo, su presentaci\u00f3n y el tiempo asignado para su entrega.<\/p><h6 style=\"text-align: center;\"><a href=\"https:\/\/www.interwayconsultancy.com\/IW\/#contacto\">Cont\u00e1ctese para m\u00e1s informaci\u00f3n<\/a><\/h6>\t\t\t\t\t\t<\/div>\n\t\t\t\t<\/div>\n\t\t\t\t\t<\/div>\n\t\t<\/div>\n\t\t\t\t\t<\/div>\n\t\t<\/section>\n\t\t\t\t<\/div>\n\t\t","protected":false},"excerpt":{"rendered":"<p>Traducciones Traducciones P\u00fablicas, Literarias, Cient\u00edficas y T\u00e9cnicas Nuestros trabajos de traducci\u00f3n son realizados por profesionales matriculados, asignados seg\u00fan su especialidad, para lograr un objetivo de m\u00e1xima calidad en la elaboraci\u00f3n del trabajo, su presentaci\u00f3n y el tiempo asignado para su entrega. Cont\u00e1ctese para m\u00e1s informaci\u00f3n<\/p>\n","protected":false},"author":1,"featured_media":0,"parent":0,"menu_order":0,"comment_status":"closed","ping_status":"closed","template":"elementor_header_footer","meta":{"footnotes":""},"class_list":["post-350","page","type-page","status-publish","hentry"],"_links":{"self":[{"href":"https:\/\/www.interwayconsultancy.com\/IW\/wp-json\/wp\/v2\/pages\/350","targetHints":{"allow":["GET"]}}],"collection":[{"href":"https:\/\/www.interwayconsultancy.com\/IW\/wp-json\/wp\/v2\/pages"}],"about":[{"href":"https:\/\/www.interwayconsultancy.com\/IW\/wp-json\/wp\/v2\/types\/page"}],"author":[{"embeddable":true,"href":"https:\/\/www.interwayconsultancy.com\/IW\/wp-json\/wp\/v2\/users\/1"}],"replies":[{"embeddable":true,"href":"https:\/\/www.interwayconsultancy.com\/IW\/wp-json\/wp\/v2\/comments?post=350"}],"version-history":[{"count":34,"href":"https:\/\/www.interwayconsultancy.com\/IW\/wp-json\/wp\/v2\/pages\/350\/revisions"}],"predecessor-version":[{"id":563,"href":"https:\/\/www.interwayconsultancy.com\/IW\/wp-json\/wp\/v2\/pages\/350\/revisions\/563"}],"wp:attachment":[{"href":"https:\/\/www.interwayconsultancy.com\/IW\/wp-json\/wp\/v2\/media?parent=350"}],"curies":[{"name":"wp","href":"https:\/\/api.w.org\/{rel}","templated":true}]}}