{"id":375,"date":"2021-04-22T14:12:05","date_gmt":"2021-04-22T17:12:05","guid":{"rendered":"https:\/\/www.interwayconsultancy.com\/IW\/?page_id=375"},"modified":"2021-04-23T17:27:45","modified_gmt":"2021-04-23T20:27:45","slug":"testing","status":"publish","type":"page","link":"https:\/\/www.interwayconsultancy.com\/IW\/testing\/","title":{"rendered":"Testing"},"content":{"rendered":"\t\t<div data-elementor-type=\"wp-page\" data-elementor-id=\"375\" class=\"elementor elementor-375\">\n\t\t\t\t\t\t<section class=\"elementor-section elementor-top-section elementor-element elementor-element-bab8633 elementor-hidden-tablet elementor-hidden-phone elementor-section-boxed elementor-section-height-default elementor-section-height-default elementor-invisible\" data-id=\"bab8633\" data-element_type=\"section\" data-settings=\"{&quot;animation&quot;:&quot;fadeIn&quot;}\">\n\t\t\t\t\t\t<div class=\"elementor-container elementor-column-gap-default\">\n\t\t\t\t\t<div class=\"elementor-column elementor-col-100 elementor-top-column elementor-element elementor-element-e26283e\" data-id=\"e26283e\" data-element_type=\"column\">\n\t\t\t<div class=\"elementor-widget-wrap elementor-element-populated\">\n\t\t\t\t\t\t<div class=\"elementor-element elementor-element-c70d793 elementor-widget elementor-widget-heading\" data-id=\"c70d793\" data-element_type=\"widget\" data-widget_type=\"heading.default\">\n\t\t\t\t<div class=\"elementor-widget-container\">\n\t\t\t<h2 class=\"elementor-heading-title elementor-size-default\">Testing<\/h2>\t\t<\/div>\n\t\t\t\t<\/div>\n\t\t\t\t\t<\/div>\n\t\t<\/div>\n\t\t\t\t\t<\/div>\n\t\t<\/section>\n\t\t\t\t<section class=\"elementor-section elementor-top-section elementor-element elementor-element-3da699a elementor-hidden-desktop elementor-section-boxed elementor-section-height-default elementor-section-height-default elementor-invisible\" data-id=\"3da699a\" data-element_type=\"section\" data-settings=\"{&quot;animation&quot;:&quot;fadeIn&quot;}\">\n\t\t\t\t\t\t<div class=\"elementor-container elementor-column-gap-default\">\n\t\t\t\t\t<div class=\"elementor-column elementor-col-100 elementor-top-column elementor-element elementor-element-96e762a\" data-id=\"96e762a\" data-element_type=\"column\">\n\t\t\t<div class=\"elementor-widget-wrap elementor-element-populated\">\n\t\t\t\t\t\t<div class=\"elementor-element elementor-element-a001241 elementor-widget elementor-widget-heading\" data-id=\"a001241\" data-element_type=\"widget\" data-widget_type=\"heading.default\">\n\t\t\t\t<div class=\"elementor-widget-container\">\n\t\t\t<h2 class=\"elementor-heading-title elementor-size-default\">Testing<\/h2>\t\t<\/div>\n\t\t\t\t<\/div>\n\t\t\t\t\t<\/div>\n\t\t<\/div>\n\t\t\t\t\t<\/div>\n\t\t<\/section>\n\t\t\t\t<section class=\"elementor-section elementor-top-section elementor-element elementor-element-9aaa408 elementor-section-full_width elementor-section-height-default elementor-section-height-default elementor-invisible\" data-id=\"9aaa408\" data-element_type=\"section\" data-settings=\"{&quot;background_background&quot;:&quot;classic&quot;,&quot;animation&quot;:&quot;fadeIn&quot;}\">\n\t\t\t\t\t\t<div class=\"elementor-container elementor-column-gap-default\">\n\t\t\t\t\t<div class=\"elementor-column elementor-col-50 elementor-top-column elementor-element elementor-element-6cc8a41\" data-id=\"6cc8a41\" data-element_type=\"column\">\n\t\t\t<div class=\"elementor-widget-wrap elementor-element-populated\">\n\t\t\t\t\t\t<div class=\"elementor-element elementor-element-ed05e01 elementor-widget elementor-widget-heading\" data-id=\"ed05e01\" data-element_type=\"widget\" data-widget_type=\"heading.default\">\n\t\t\t\t<div class=\"elementor-widget-container\">\n\t\t\t<h2 class=\"elementor-heading-title elementor-size-default\">Ex\u00e1menes<\/h2>\t\t<\/div>\n\t\t\t\t<\/div>\n\t\t\t\t<div class=\"elementor-element elementor-element-4f6d165 elementor-widget elementor-widget-text-editor\" data-id=\"4f6d165\" data-element_type=\"widget\" data-widget_type=\"text-editor.default\">\n\t\t\t\t<div class=\"elementor-widget-container\">\n\t\t\t\t\t\t\t<h5><span style=\"color: #ff0000;\">University of Cambridge<\/span><\/h5><ul class=\"cont-4\"><li>Preliminary English Test (PET)<\/li><li>First Certificate in English (FCE)<\/li><li>Certificate in Advanced English (CAE)<\/li><li>Certificate of Proficiency in English (CPE)<\/li><li>Business English Certificate (BEC)<\/li><li>International English Language Testing Systems (IELTS)<\/li><li>Test of English as a Foreign Language (TOEFL)<\/li><\/ul>\t\t\t\t\t\t<\/div>\n\t\t\t\t<\/div>\n\t\t\t\t\t<\/div>\n\t\t<\/div>\n\t\t\t\t<div class=\"elementor-column elementor-col-50 elementor-top-column elementor-element elementor-element-8e720af\" data-id=\"8e720af\" data-element_type=\"column\">\n\t\t\t<div class=\"elementor-widget-wrap elementor-element-populated\">\n\t\t\t\t\t\t<div class=\"elementor-element elementor-element-6223ec0 elementor-widget elementor-widget-image\" data-id=\"6223ec0\" data-element_type=\"widget\" data-widget_type=\"image.default\">\n\t\t\t\t<div class=\"elementor-widget-container\">\n\t\t\t\t\t\t\t\t\t\t\t\t\t<img fetchpriority=\"high\" decoding=\"async\" width=\"640\" height=\"440\" src=\"https:\/\/www.interwayconsultancy.com\/IW\/wp-content\/uploads\/2021\/04\/test1.jpg\" class=\"attachment-large size-large wp-image-377\" alt=\"\" srcset=\"https:\/\/www.interwayconsultancy.com\/IW\/wp-content\/uploads\/2021\/04\/test1.jpg 640w, https:\/\/www.interwayconsultancy.com\/IW\/wp-content\/uploads\/2021\/04\/test1-300x206.jpg 300w\" sizes=\"(max-width: 640px) 100vw, 640px\" \/>\t\t\t\t\t\t\t\t\t\t\t\t\t<\/div>\n\t\t\t\t<\/div>\n\t\t\t\t\t<\/div>\n\t\t<\/div>\n\t\t\t\t\t<\/div>\n\t\t<\/section>\n\t\t\t\t<section class=\"elementor-section elementor-top-section elementor-element elementor-element-513c1b6 elementor-section-full_width elementor-section-height-default elementor-section-height-default elementor-invisible\" data-id=\"513c1b6\" data-element_type=\"section\" data-settings=\"{&quot;background_background&quot;:&quot;classic&quot;,&quot;animation&quot;:&quot;fadeIn&quot;}\">\n\t\t\t\t\t\t<div class=\"elementor-container elementor-column-gap-no\">\n\t\t\t\t\t<div class=\"elementor-column elementor-col-50 elementor-top-column elementor-element elementor-element-7fad0fe\" data-id=\"7fad0fe\" data-element_type=\"column\">\n\t\t\t<div class=\"elementor-widget-wrap elementor-element-populated\">\n\t\t\t\t\t\t<div class=\"elementor-element elementor-element-e2e7875 elementor-widget elementor-widget-image\" data-id=\"e2e7875\" data-element_type=\"widget\" data-widget_type=\"image.default\">\n\t\t\t\t<div class=\"elementor-widget-container\">\n\t\t\t\t\t\t\t\t\t\t\t\t\t<img decoding=\"async\" width=\"640\" height=\"600\" src=\"https:\/\/www.interwayconsultancy.com\/IW\/wp-content\/uploads\/2021\/04\/g3.jpg\" class=\"attachment-large size-large wp-image-65\" alt=\"\" srcset=\"https:\/\/www.interwayconsultancy.com\/IW\/wp-content\/uploads\/2021\/04\/g3.jpg 640w, https:\/\/www.interwayconsultancy.com\/IW\/wp-content\/uploads\/2021\/04\/g3-300x281.jpg 300w\" sizes=\"(max-width: 640px) 100vw, 640px\" \/>\t\t\t\t\t\t\t\t\t\t\t\t\t<\/div>\n\t\t\t\t<\/div>\n\t\t\t\t\t<\/div>\n\t\t<\/div>\n\t\t\t\t<div class=\"elementor-column elementor-col-50 elementor-top-column elementor-element elementor-element-436f7fb\" data-id=\"436f7fb\" data-element_type=\"column\">\n\t\t\t<div class=\"elementor-widget-wrap elementor-element-populated\">\n\t\t\t\t\t\t<div class=\"elementor-element elementor-element-377ee72 elementor-widget elementor-widget-text-editor\" data-id=\"377ee72\" data-element_type=\"widget\" data-widget_type=\"text-editor.default\">\n\t\t\t\t<div class=\"elementor-widget-container\">\n\t\t\t\t\t\t\t<h5><span style=\"color: #ff0000;\">University of Oxford<\/span><\/h5><ul class=\"cont-4\"><li>Oxford International English Testing Service ONLINE<\/li><\/ul><h5><span style=\"color: #ff0000;\">ETS<\/span><\/h5><ul class=\"cont-4\"><li>Test of English for International Communication (TOEIC)<\/li><li>Test of English as a Foreign Language (TOEFL)<\/li><\/ul><h5><span style=\"color: #ff0000;\">Portugues<\/span><\/h5><ul class=\"cont-4\"><li>CELPE\/BRAS- O Celpe\/Bras \u00e9 o certificado de Proficiencia em L\u00edngua Portuguesa para estrangeiros, desenvuelto e outorgado pelo ministerio da educacao do Brasil. O Celpe\/Bras \u00e9 o \u00fanico certificado de proficiencia em portugu\u00e9s como lingua estrangeira reconhecido oficialmente pelo governo do Brasil<\/li><\/ul>\t\t\t\t\t\t<\/div>\n\t\t\t\t<\/div>\n\t\t\t\t\t<\/div>\n\t\t<\/div>\n\t\t\t\t\t<\/div>\n\t\t<\/section>\n\t\t\t\t<section class=\"elementor-section elementor-top-section elementor-element elementor-element-56859e6 elementor-section-full_width elementor-section-height-default elementor-section-height-default elementor-invisible\" data-id=\"56859e6\" data-element_type=\"section\" data-settings=\"{&quot;background_background&quot;:&quot;classic&quot;,&quot;animation&quot;:&quot;fadeIn&quot;}\">\n\t\t\t\t\t\t<div class=\"elementor-container elementor-column-gap-default\">\n\t\t\t\t\t<div class=\"elementor-column elementor-col-50 elementor-top-column elementor-element elementor-element-e81dbda\" data-id=\"e81dbda\" data-element_type=\"column\">\n\t\t\t<div class=\"elementor-widget-wrap elementor-element-populated\">\n\t\t\t\t\t\t<div class=\"elementor-element elementor-element-8c03a67 elementor-widget elementor-widget-text-editor\" data-id=\"8c03a67\" data-element_type=\"widget\" data-widget_type=\"text-editor.default\">\n\t\t\t\t<div class=\"elementor-widget-container\">\n\t\t\t\t\t\t\t<h5><span style=\"color: #ff0000;\">Franc\u00e9s<\/span><\/h5><ul class=\"cont-4\"><li>Diplome elementaire en langue francaise (DELF)<\/li><li>Diplome approfondi de langue francaise (DALF)<\/li><li>Test de connaissances du francais, demande d\u00b4admission pr\u00e9alable (TCF DAP)<\/li><li>Test d\u00b4Evaluation de francais (TEF)<\/li><li>Diplome de francais professionnel juridique, niveau B2 (DFP Juridique B2)<\/li><li>Diplome de francais professionnel du tourisme et de i\u00b4hotellerie, niveau B1 (DFP Turismo Hoteler\u00eda B1)<\/li><li>Test des assistants d\u00b4espagnol en france. \u2013 Diplome d\u00b4Aptitude a I\u00b4Enseignement du francais langue etrangere (DAEFLE).<\/li><\/ul>\t\t\t\t\t\t<\/div>\n\t\t\t\t<\/div>\n\t\t\t\t\t<\/div>\n\t\t<\/div>\n\t\t\t\t<div class=\"elementor-column elementor-col-50 elementor-top-column elementor-element elementor-element-a7dc5ae\" data-id=\"a7dc5ae\" data-element_type=\"column\">\n\t\t\t<div class=\"elementor-widget-wrap elementor-element-populated\">\n\t\t\t\t\t\t<div class=\"elementor-element elementor-element-a444e11 elementor-widget elementor-widget-image\" data-id=\"a444e11\" data-element_type=\"widget\" data-widget_type=\"image.default\">\n\t\t\t\t<div class=\"elementor-widget-container\">\n\t\t\t\t\t\t\t\t\t\t\t\t\t<img decoding=\"async\" width=\"640\" height=\"440\" src=\"https:\/\/www.interwayconsultancy.com\/IW\/wp-content\/uploads\/2021\/04\/test3.jpg\" class=\"attachment-large size-large wp-image-378\" alt=\"\" srcset=\"https:\/\/www.interwayconsultancy.com\/IW\/wp-content\/uploads\/2021\/04\/test3.jpg 640w, https:\/\/www.interwayconsultancy.com\/IW\/wp-content\/uploads\/2021\/04\/test3-300x206.jpg 300w\" sizes=\"(max-width: 640px) 100vw, 640px\" \/>\t\t\t\t\t\t\t\t\t\t\t\t\t<\/div>\n\t\t\t\t<\/div>\n\t\t\t\t\t<\/div>\n\t\t<\/div>\n\t\t\t\t\t<\/div>\n\t\t<\/section>\n\t\t\t\t<\/div>\n\t\t","protected":false},"excerpt":{"rendered":"<p>Testing Testing Ex\u00e1menes University of Cambridge Preliminary English Test (PET) First Certificate in English (FCE) Certificate in Advanced English (CAE) Certificate of Proficiency in English (CPE) Business English Certificate (BEC) International English Language Testing Systems (IELTS) Test of English as a Foreign Language (TOEFL) University of Oxford Oxford International English Testing Service ONLINE ETS Test [&hellip;]<\/p>\n","protected":false},"author":1,"featured_media":0,"parent":0,"menu_order":0,"comment_status":"closed","ping_status":"closed","template":"elementor_header_footer","meta":{"footnotes":""},"class_list":["post-375","page","type-page","status-publish","hentry"],"_links":{"self":[{"href":"https:\/\/www.interwayconsultancy.com\/IW\/wp-json\/wp\/v2\/pages\/375","targetHints":{"allow":["GET"]}}],"collection":[{"href":"https:\/\/www.interwayconsultancy.com\/IW\/wp-json\/wp\/v2\/pages"}],"about":[{"href":"https:\/\/www.interwayconsultancy.com\/IW\/wp-json\/wp\/v2\/types\/page"}],"author":[{"embeddable":true,"href":"https:\/\/www.interwayconsultancy.com\/IW\/wp-json\/wp\/v2\/users\/1"}],"replies":[{"embeddable":true,"href":"https:\/\/www.interwayconsultancy.com\/IW\/wp-json\/wp\/v2\/comments?post=375"}],"version-history":[{"count":28,"href":"https:\/\/www.interwayconsultancy.com\/IW\/wp-json\/wp\/v2\/pages\/375\/revisions"}],"predecessor-version":[{"id":578,"href":"https:\/\/www.interwayconsultancy.com\/IW\/wp-json\/wp\/v2\/pages\/375\/revisions\/578"}],"wp:attachment":[{"href":"https:\/\/www.interwayconsultancy.com\/IW\/wp-json\/wp\/v2\/media?parent=375"}],"curies":[{"name":"wp","href":"https:\/\/api.w.org\/{rel}","templated":true}]}}